{"id":253,"date":"2025-11-21T23:08:20","date_gmt":"2025-11-21T23:08:20","guid":{"rendered":"https:\/\/reco.com.gt\/?page_id=253"},"modified":"2025-11-21T23:08:22","modified_gmt":"2025-11-21T23:08:22","slug":"blog","status":"publish","type":"page","link":"https:\/\/reco.com.gt\/?page_id=253","title":{"rendered":"Blog"},"content":{"rendered":"\t\t<div data-elementor-type=\"wp-page\" data-elementor-id=\"253\" class=\"elementor elementor-253\" data-elementor-post-type=\"page\">\n\t\t\t\t<div class=\"elementor-element elementor-element-fb436e1 e-flex e-con-boxed e-con e-parent\" data-id=\"fb436e1\" data-element_type=\"container\" data-e-type=\"container\" data-settings=\"{&quot;background_background&quot;:&quot;classic&quot;}\">\n\t\t\t\t\t<div class=\"e-con-inner\">\n\t\t<div class=\"elementor-element elementor-element-3d7c0fb e-con-full e-flex e-con e-child\" data-id=\"3d7c0fb\" data-element_type=\"container\" data-e-type=\"container\">\n\t\t\t\t<div class=\"elementor-element elementor-element-ec72625 elementor-widget elementor-widget-heading\" data-id=\"ec72625\" data-element_type=\"widget\" data-e-type=\"widget\" data-widget_type=\"heading.default\">\n\t\t\t\t\t<h5 class=\"elementor-heading-title elementor-size-default\">Reciclaje con prop\u00f3sito<\/h5>\t\t\t\t<\/div>\n\t\t\t\t<div class=\"elementor-element elementor-element-ffc6325 elementor-widget elementor-widget-heading\" data-id=\"ffc6325\" data-element_type=\"widget\" data-e-type=\"widget\" data-widget_type=\"heading.default\">\n\t\t\t\t\t<h2 class=\"elementor-heading-title elementor-size-default\">Bienvenido a un mundo m\u00e1s limpio<\/h2>\t\t\t\t<\/div>\n\t\t\t\t<div class=\"elementor-element elementor-element-ad88737 elementor-widget elementor-widget-text-editor\" data-id=\"ad88737\" data-element_type=\"widget\" data-e-type=\"widget\" data-widget_type=\"text-editor.default\">\n\t\t\t\t\t\t\t\t\t<p>En nuestro blog, compartimos ideas y soluciones para un futuro sostenible. Aqu\u00ed aprender\u00e1s c\u00f3mo el reciclaje de pl\u00e1stico puede marcar la diferencia en nuestro medio ambiente y c\u00f3mo cada peque\u00f1a acci\u00f3n cuenta. Te invitamos a unirte a este esfuerzo colectivo y a descubrir productos y consejos que inspiran un cambio positivo.<\/p>\t\t\t\t\t\t\t\t<\/div>\n\t\t<div class=\"elementor-element elementor-element-0e4730b e-flex e-con-boxed e-con e-child\" data-id=\"0e4730b\" data-element_type=\"container\" data-e-type=\"container\">\n\t\t\t\t\t<div class=\"e-con-inner\">\n\t\t\t\t<div class=\"elementor-element elementor-element-b4b18e2 elementor-widget__width-auto elementor-align-right elementor-widget elementor-widget-button\" data-id=\"b4b18e2\" data-element_type=\"widget\" data-e-type=\"widget\" data-widget_type=\"button.default\">\n\t\t\t\t\t\t\t\t\t\t<a class=\"elementor-button elementor-button-link elementor-size-sm\" href=\"#\">\n\t\t\t\t\t\t<span class=\"elementor-button-content-wrapper\">\n\t\t\t\t\t\t\t\t\t<span class=\"elementor-button-text\">Descubre m\u00e1s<\/span>\n\t\t\t\t\t<\/span>\n\t\t\t\t\t<\/a>\n\t\t\t\t\t\t\t\t<\/div>\n\t\t\t\t<div class=\"elementor-element elementor-element-e390a6b elementor-widget__width-auto elementor-align-right elementor-widget elementor-widget-button\" data-id=\"e390a6b\" data-element_type=\"widget\" data-e-type=\"widget\" data-widget_type=\"button.default\">\n\t\t\t\t\t\t\t\t\t\t<a class=\"elementor-button elementor-button-link elementor-size-sm\" href=\"#\">\n\t\t\t\t\t\t<span class=\"elementor-button-content-wrapper\">\n\t\t\t\t\t\t\t\t\t<span class=\"elementor-button-text\">Nuestros productos<\/span>\n\t\t\t\t\t<\/span>\n\t\t\t\t\t<\/a>\n\t\t\t\t\t\t\t\t<\/div>\n\t\t\t\t\t<\/div>\n\t\t\t\t<\/div>\n\t\t\t\t<\/div>\n\t\t\t\t\t<\/div>\n\t\t\t\t<\/div>\n\t\t<div class=\"elementor-element elementor-element-edc91cc e-flex e-con-boxed e-con e-parent\" data-id=\"edc91cc\" data-element_type=\"container\" data-e-type=\"container\">\n\t\t\t\t\t<div class=\"e-con-inner\">\n\t\t<div class=\"elementor-element elementor-element-f28a788 e-con-full e-flex e-con e-child\" data-id=\"f28a788\" data-element_type=\"container\" data-e-type=\"container\">\n\t\t\t\t<div class=\"elementor-element elementor-element-e837f50 elementor-widget elementor-widget-heading\" data-id=\"e837f50\" data-element_type=\"widget\" data-e-type=\"widget\" data-widget_type=\"heading.default\">\n\t\t\t\t\t<h2 class=\"elementor-heading-title elementor-size-default\">Transforma el pl\u00e1stico en valor<\/h2>\t\t\t\t<\/div>\n\t\t\t\t<div class=\"elementor-element elementor-element-c98cf63 elementor-widget elementor-widget-heading\" data-id=\"c98cf63\" data-element_type=\"widget\" data-e-type=\"widget\" data-widget_type=\"heading.default\">\n\t\t\t\t\t<h2 class=\"elementor-heading-title elementor-size-default\">\u00daltimas publicaciones sobre sostenibilidad<\/h2>\t\t\t\t<\/div>\n\t\t\t\t<\/div>\n\t\t\t\t<div class=\"elementor-element elementor-element-1026fd3 elementor-grid-2 elementor-grid-tablet-2 elementor-grid-mobile-1 elementor-posts--thumbnail-top elementor-widget elementor-widget-posts\" data-id=\"1026fd3\" data-element_type=\"widget\" data-e-type=\"widget\" data-settings=\"{&quot;classic_columns&quot;:&quot;2&quot;,&quot;classic_columns_tablet&quot;:&quot;2&quot;,&quot;classic_columns_mobile&quot;:&quot;1&quot;,&quot;classic_row_gap&quot;:{&quot;unit&quot;:&quot;px&quot;,&quot;size&quot;:35,&quot;sizes&quot;:[]},&quot;classic_row_gap_tablet&quot;:{&quot;unit&quot;:&quot;px&quot;,&quot;size&quot;:&quot;&quot;,&quot;sizes&quot;:[]},&quot;classic_row_gap_mobile&quot;:{&quot;unit&quot;:&quot;px&quot;,&quot;size&quot;:&quot;&quot;,&quot;sizes&quot;:[]}}\" data-widget_type=\"posts.classic\">\n\t\t\t\t<div class=\"elementor-widget-container\">\n\t\t\t\t\t\t\t<div class=\"elementor-posts-container elementor-posts elementor-posts--skin-classic elementor-grid\" role=\"list\">\n\t\t\t\t<article class=\"elementor-post elementor-grid-item post-252 post type-post status-publish format-standard hentry category-uncategorized\" role=\"listitem\">\n\t\t\t\t<div class=\"elementor-post__text\">\n\t\t\t\t<h3 class=\"elementor-post__title\">\n\t\t\t<a href=\"https:\/\/reco.com.gt\/?p=252\" >\n\t\t\t\tHello World 1\t\t\t<\/a>\n\t\t<\/h3>\n\t\t\t\t<div class=\"elementor-post__meta-data\">\n\t\t\t\t\t<span class=\"elementor-post-date\">\n\t\t\tNovember 21, 2025\t\t<\/span>\n\t\t\t\t<span class=\"elementor-post-avatar\">\n\t\t\tNo Comments\t\t<\/span>\n\t\t\t\t<\/div>\n\t\t\t\t<div class=\"elementor-post__excerpt\">\n\t\t\t<p>Welcome to Elementor<\/p>\n\t\t<\/div>\n\t\t\n\t\t<a class=\"elementor-post__read-more\" href=\"https:\/\/reco.com.gt\/?p=252\" aria-label=\"Read more about Hello World 1\" tabindex=\"-1\" >\n\t\t\tDescubre m\u00e1s \u00bb\t\t<\/a>\n\n\t\t\t\t<\/div>\n\t\t\t\t<\/article>\n\t\t\t\t<article class=\"elementor-post elementor-grid-item post-249 post type-post status-publish format-standard hentry category-uncategorized\" role=\"listitem\">\n\t\t\t\t<div class=\"elementor-post__text\">\n\t\t\t\t<h3 class=\"elementor-post__title\">\n\t\t\t<a href=\"https:\/\/reco.com.gt\/?p=249\" >\n\t\t\t\tHello World 3\t\t\t<\/a>\n\t\t<\/h3>\n\t\t\t\t<div class=\"elementor-post__meta-data\">\n\t\t\t\t\t<span class=\"elementor-post-date\">\n\t\t\tNovember 21, 2025\t\t<\/span>\n\t\t\t\t<span class=\"elementor-post-avatar\">\n\t\t\tNo Comments\t\t<\/span>\n\t\t\t\t<\/div>\n\t\t\t\t<div class=\"elementor-post__excerpt\">\n\t\t\t<p>Welcome to Elementor 3<\/p>\n\t\t<\/div>\n\t\t\n\t\t<a class=\"elementor-post__read-more\" href=\"https:\/\/reco.com.gt\/?p=249\" aria-label=\"Read more about Hello World 3\" tabindex=\"-1\" >\n\t\t\tDescubre m\u00e1s \u00bb\t\t<\/a>\n\n\t\t\t\t<\/div>\n\t\t\t\t<\/article>\n\t\t\t\t<\/div>\n\t\t\n\t\t\t\t\t\t<\/div>\n\t\t\t\t<\/div>\n\t\t\t\t<div class=\"elementor-element elementor-element-8217732 elementor-widget__width-auto elementor-align-right elementor-widget elementor-widget-button\" data-id=\"8217732\" data-element_type=\"widget\" data-e-type=\"widget\" data-widget_type=\"button.default\">\n\t\t\t\t\t\t\t\t\t\t<a class=\"elementor-button elementor-button-link elementor-size-sm\" href=\"#\">\n\t\t\t\t\t\t<span class=\"elementor-button-content-wrapper\">\n\t\t\t\t\t\t\t\t\t<span class=\"elementor-button-text\">Ver todas<\/span>\n\t\t\t\t\t<\/span>\n\t\t\t\t\t<\/a>\n\t\t\t\t\t\t\t\t<\/div>\n\t\t\t\t\t<\/div>\n\t\t\t\t<\/div>\n\t\t<div class=\"elementor-element elementor-element-2b866d2 e-flex e-con-boxed e-con e-parent\" data-id=\"2b866d2\" data-element_type=\"container\" data-e-type=\"container\">\n\t\t\t\t\t<div class=\"e-con-inner\">\n\t\t<div class=\"elementor-element elementor-element-b2e6e26 e-grid e-con-boxed e-con e-child\" data-id=\"b2e6e26\" data-element_type=\"container\" data-e-type=\"container\">\n\t\t\t\t\t<div class=\"e-con-inner\">\n\t\t\t\t<div class=\"elementor-element elementor-element-89fc1e0 elementor-widget elementor-widget-image\" data-id=\"89fc1e0\" data-element_type=\"widget\" data-e-type=\"widget\" data-widget_type=\"image.default\">\n\t\t\t\t\t\t\t\t\t\t\t\t\t\t\t<img fetchpriority=\"high\" decoding=\"async\" width=\"1920\" height=\"1080\" src=\"https:\/\/reco.com.gt\/wp-content\/uploads\/2025\/11\/placeholder-demo-image-640x640-1-1.jpg\" class=\"attachment-full size-full wp-image-54\" alt=\"\" srcset=\"https:\/\/reco.com.gt\/wp-content\/uploads\/2025\/11\/placeholder-demo-image-640x640-1-1.jpg 1920w, https:\/\/reco.com.gt\/wp-content\/uploads\/2025\/11\/placeholder-demo-image-640x640-1-1-300x169.webp 300w, https:\/\/reco.com.gt\/wp-content\/uploads\/2025\/11\/placeholder-demo-image-640x640-1-1-1024x576.webp 1024w, https:\/\/reco.com.gt\/wp-content\/uploads\/2025\/11\/placeholder-demo-image-640x640-1-1-768x432.webp 768w, https:\/\/reco.com.gt\/wp-content\/uploads\/2025\/11\/placeholder-demo-image-640x640-1-1-1536x864.webp 1536w\" sizes=\"(max-width: 1920px) 100vw, 1920px\" \/>\t\t\t\t\t\t\t\t\t\t\t\t\t\t\t<\/div>\n\t\t\t\t<div class=\"elementor-element elementor-element-d87166e elementor-widget elementor-widget-image\" data-id=\"d87166e\" data-element_type=\"widget\" data-e-type=\"widget\" data-widget_type=\"image.default\">\n\t\t\t\t\t\t\t\t\t\t\t\t\t\t\t<img fetchpriority=\"high\" decoding=\"async\" width=\"1920\" height=\"1080\" src=\"https:\/\/reco.com.gt\/wp-content\/uploads\/2025\/11\/placeholder-demo-image-640x640-1-1.jpg\" class=\"attachment-full size-full wp-image-54\" alt=\"\" srcset=\"https:\/\/reco.com.gt\/wp-content\/uploads\/2025\/11\/placeholder-demo-image-640x640-1-1.jpg 1920w, https:\/\/reco.com.gt\/wp-content\/uploads\/2025\/11\/placeholder-demo-image-640x640-1-1-300x169.webp 300w, https:\/\/reco.com.gt\/wp-content\/uploads\/2025\/11\/placeholder-demo-image-640x640-1-1-1024x576.webp 1024w, https:\/\/reco.com.gt\/wp-content\/uploads\/2025\/11\/placeholder-demo-image-640x640-1-1-768x432.webp 768w, https:\/\/reco.com.gt\/wp-content\/uploads\/2025\/11\/placeholder-demo-image-640x640-1-1-1536x864.webp 1536w\" sizes=\"(max-width: 1920px) 100vw, 1920px\" \/>\t\t\t\t\t\t\t\t\t\t\t\t\t\t\t<\/div>\n\t\t\t\t<div class=\"elementor-element elementor-element-ddc1fee elementor-widget elementor-widget-image\" data-id=\"ddc1fee\" data-element_type=\"widget\" data-e-type=\"widget\" data-widget_type=\"image.default\">\n\t\t\t\t\t\t\t\t\t\t\t\t\t\t\t<img fetchpriority=\"high\" decoding=\"async\" width=\"1920\" height=\"1080\" src=\"https:\/\/reco.com.gt\/wp-content\/uploads\/2025\/11\/placeholder-demo-image-640x640-1-1.jpg\" class=\"attachment-full size-full wp-image-54\" alt=\"\" srcset=\"https:\/\/reco.com.gt\/wp-content\/uploads\/2025\/11\/placeholder-demo-image-640x640-1-1.jpg 1920w, https:\/\/reco.com.gt\/wp-content\/uploads\/2025\/11\/placeholder-demo-image-640x640-1-1-300x169.webp 300w, https:\/\/reco.com.gt\/wp-content\/uploads\/2025\/11\/placeholder-demo-image-640x640-1-1-1024x576.webp 1024w, https:\/\/reco.com.gt\/wp-content\/uploads\/2025\/11\/placeholder-demo-image-640x640-1-1-768x432.webp 768w, https:\/\/reco.com.gt\/wp-content\/uploads\/2025\/11\/placeholder-demo-image-640x640-1-1-1536x864.webp 1536w\" sizes=\"(max-width: 1920px) 100vw, 1920px\" \/>\t\t\t\t\t\t\t\t\t\t\t\t\t\t\t<\/div>\n\t\t\t\t\t<\/div>\n\t\t\t\t<\/div>\n\t\t\t\t\t<\/div>\n\t\t\t\t<\/div>\n\t\t\t\t<\/div>\n\t\t","protected":false},"excerpt":{"rendered":"<p>Reciclaje con prop\u00f3sito Bienvenido a un mundo m\u00e1s limpio En nuestro blog, compartimos ideas y soluciones para un futuro sostenible. Aqu\u00ed aprender\u00e1s c\u00f3mo el reciclaje de pl\u00e1stico puede marcar la diferencia en nuestro medio ambiente y c\u00f3mo cada peque\u00f1a acci\u00f3n cuenta. Te invitamos a unirte a este esfuerzo colectivo y a descubrir productos y consejos [&hellip;]<\/p>\n","protected":false},"author":1,"featured_media":0,"parent":0,"menu_order":0,"comment_status":"closed","ping_status":"closed","template":"","meta":{"footnotes":""},"class_list":["post-253","page","type-page","status-publish","hentry"],"jetpack_sharing_enabled":true,"_links":{"self":[{"href":"https:\/\/reco.com.gt\/index.php?rest_route=\/wp\/v2\/pages\/253","targetHints":{"allow":["GET"]}}],"collection":[{"href":"https:\/\/reco.com.gt\/index.php?rest_route=\/wp\/v2\/pages"}],"about":[{"href":"https:\/\/reco.com.gt\/index.php?rest_route=\/wp\/v2\/types\/page"}],"author":[{"embeddable":true,"href":"https:\/\/reco.com.gt\/index.php?rest_route=\/wp\/v2\/users\/1"}],"replies":[{"embeddable":true,"href":"https:\/\/reco.com.gt\/index.php?rest_route=%2Fwp%2Fv2%2Fcomments&post=253"}],"version-history":[{"count":1,"href":"https:\/\/reco.com.gt\/index.php?rest_route=\/wp\/v2\/pages\/253\/revisions"}],"predecessor-version":[{"id":265,"href":"https:\/\/reco.com.gt\/index.php?rest_route=\/wp\/v2\/pages\/253\/revisions\/265"}],"wp:attachment":[{"href":"https:\/\/reco.com.gt\/index.php?rest_route=%2Fwp%2Fv2%2Fmedia&parent=253"}],"curies":[{"name":"wp","href":"https:\/\/api.w.org\/{rel}","templated":true}]}}